{"id":1946,"date":"2025-01-20T16:18:04","date_gmt":"2025-01-20T14:18:04","guid":{"rendered":"https:\/\/vaasanvaalipiirinvihreat.fi\/?page_id=1946"},"modified":"2025-12-15T12:14:42","modified_gmt":"2025-12-15T10:14:42","slug":"yhteys","status":"publish","type":"page","link":"https:\/\/vaasanvaalipiirinvihreat.fi\/index.php\/yhteys\/","title":{"rendered":"yhteys"},"content":{"rendered":"\t\t<div data-elementor-type=\"wp-post\" data-elementor-id=\"1946\" class=\"elementor elementor-1946\" data-elementor-post-type=\"page\">\n\t\t\t\t<div class=\"elementor-element elementor-element-924831e e-flex e-con-boxed e-con e-parent\" data-id=\"924831e\" data-element_type=\"container\" data-e-type=\"container\">\n\t\t\t\t\t<div class=\"e-con-inner\">\n\t\t<div class=\"elementor-element elementor-element-49369f7 e-con-full e-flex e-con e-child\" data-id=\"49369f7\" data-element_type=\"container\" data-e-type=\"container\">\n\t\t\t\t<div class=\"elementor-element elementor-element-95915fc elementor-widget elementor-widget-text-editor\" data-id=\"95915fc\" data-element_type=\"widget\" data-e-type=\"widget\" data-widget_type=\"text-editor.default\">\n\t\t\t\t<div class=\"elementor-widget-container\">\n\t\t\t\t\t\t\t\t\t<header class=\"entry-header\"><h1 class=\"entry-title\">Yhteys<\/h1><\/header><div class=\"entry-content\"><h1>Vaasan Vaalipiirin Vihre\u00e4t r.y<\/h1><p class=\"has-medium-font-size\"><strong>Puheenjohtaja:<\/strong><br \/>Jenni Kuisti<\/p><p class=\"has-medium-font-size\"><strong>Toiminnanjohtaja:<br \/><\/strong>Juuli Ojansuu<br \/>juuli.ojansuu (\u00e4t) vihreat.fi<br \/>+35841 317 6694<\/p><p class=\"has-medium-font-size\"><strong>HALLITUS<\/strong><\/p><p class=\"has-medium-font-size\"><strong>Hallitus 2026<br \/><\/strong>Puheenjohtaja, Jenni Kuisti<\/p><p class=\"has-medium-font-size\"><strong>Varapuheenjohtaja<br \/><\/strong>Elina Sahlgren, Vaasa<\/p><p><strong>Hallituksen j\u00e4senet 2026:<br \/><\/strong><span style=\"font-weight: 400;\">Jami Haavisto (Sein\u00e4joki), Emma Lehtonen (Vaasa), S\u00e4de Hotakainen (Kokkola), Tanja Kirsil\u00e4 (Pietarsaari), Pia Kokko (Vaasa), Marko Per\u00e4l\u00e4 (Vaasa),\u00a0 Minna Roukkio-Taipele (Kokkola), Heidi \u00c5kerman (Sein\u00e4joki), Piia \u00c4ij\u00f6 (Kauhajoki).<\/span><\/p><p class=\"has-medium-font-size\"><strong>Varaj\u00e4senet<\/strong><\/p><p class=\"has-medium-font-size\"><span style=\"font-weight: 400;\">Laura Ala-Kokko, Taavi Horila, Tiia Lumilaakso, Hannele Salmela ja Anni Teerikangas<\/span><\/p><p class=\"has-medium-font-size\">Yhteys hallitukseen<br \/>juuli.ojansuu@vihreat.fi<\/p><p class=\"has-medium-font-size\"><a href=\"https:\/\/www.vaasanseudunvihreat.fi\/\"><strong>Rannikko-Pohjanmaan Vihre\u00e4t Vasanejdens Gr\u00f6na<\/strong><\/a><br \/><a href=\"https:\/\/www.facebook.com\/vaasanseudunvihreat\/\">Facebook<\/a><\/p><p id=\"block-7003139c-d4e7-4547-825d-b4ffbca4677b\" class=\"has-medium-font-size\"><a href=\"https:\/\/www.etelapohjanmaanvihreat.fi\/\"><strong>Etel\u00e4-Pohjanmaan Vihre\u00e4t<\/strong><\/a><br \/><a href=\"https:\/\/www.facebook.com\/etelapohjanmaanvihreat\/\">Facebook<\/a><\/p><p id=\"block-61c7966f-c5ac-48d7-927f-daf7a06ad40e\" class=\"has-medium-font-size\"><a href=\"https:\/\/keski-pohjanmaanvihreat.fi\/\"><strong>Keski-Pohjanmaan Vihre\u00e4t<\/strong><\/a><br \/><a href=\"https:\/\/www.facebook.com\/keskipohjanmaanvihreat\/\">Facebook<\/a><\/p><p class=\"has-medium-font-size\"><strong><a href=\"https:\/\/www.seinajoenvihreat.fi\/\">Sein\u00e4joen vihre\u00e4t<\/a><\/strong><br \/><a href=\"https:\/\/www.facebook.com\/SeinajoenVihreat\">Facebook<\/a><\/p><p id=\"block-0f550051-6002-4422-ab0c-90753eeda0cc\" class=\"has-medium-font-size\"><a href=\"https:\/\/yhdistykset.vihreat.fi\/pietarsaaren.vihreat\/\"><strong>Pietarsaaren Vihre\u00e4t De Gr\u00f6na i Jakobstad<\/strong><\/a><br \/><a href=\"https:\/\/www.facebook.com\/DeGrona\/\">Facebook<\/a><\/p><p id=\"block-bfb07b8e-9647-4cba-9891-2442a7f1b78f\" class=\"has-medium-font-size\"><strong>Pohjanmaan vihre\u00e4t nuoret<\/strong><\/p><p class=\"has-medium-font-size\"><a href=\"https:\/\/www.instagram.com\/pohjanmaanvihreatnuoret\/\">Instagram<\/a><\/p><p class=\"has-medium-font-size\">F\u00f6r svenskspr\u00e5kiga medlemmar i omr\u00e5det:<br \/><strong>GriFi \u2013 Finlands Svenska gr\u00f6na<\/strong><br \/><a href=\"https:\/\/www.facebook.com\/finlandssvenskagrona\/\">Finlands Svenska Gr\u00f6na \u2013 Grifi | Facebook<\/a><\/p><\/div>\t\t\t\t\t\t\t\t<\/div>\n\t\t\t\t<\/div>\n\t\t\t\t<\/div>\n\t\t<div class=\"elementor-element elementor-element-92cf8e9 e-con-full e-flex e-con e-child\" data-id=\"92cf8e9\" data-element_type=\"container\" data-e-type=\"container\">\n\t\t\t\t<div class=\"elementor-element elementor-element-5a04f6c elementor-widget elementor-widget-facebook-page\" data-id=\"5a04f6c\" data-element_type=\"widget\" data-e-type=\"widget\" data-widget_type=\"facebook-page.default\">\n\t\t\t\t<div class=\"elementor-widget-container\">\n\t\t\t\t\t<div class=\"elementor-facebook-widget fb-page\" data-href=\"https:\/\/www.facebook.com\/VaasanVaalipiirinVihreat\" data-tabs=\"timeline\" data-height=\"500px\" data-width=\"500px\" data-small-header=\"false\" data-hide-cover=\"false\" data-show-facepile=\"true\" data-hide-cta=\"false\" style=\"min-height: 1px;height:500px\"><\/div>\t\t\t\t<\/div>\n\t\t\t\t<\/div>\n\t\t\t\t<\/div>\n\t\t\t\t\t<\/div>\n\t\t\t\t<\/div>\n\t\t\t\t<\/div>\n\t\t","protected":false},"excerpt":{"rendered":"<p>Yhteys Vaasan Vaalipiirin Vihre\u00e4t r.y Puheenjohtaja:Jenni Kuisti Toiminnanjohtaja:Juuli Ojansuujuuli.ojansuu (\u00e4t) vihreat.fi+35841 317 6694 HALLITUS Hallitus 2026Puheenjohtaja, Jenni Kuisti VarapuheenjohtajaElina Sahlgren, Vaasa Hallituksen j\u00e4senet 2026:Jami Haavisto (Sein\u00e4joki), Emma Lehtonen (Vaasa), S\u00e4de Hotakainen (Kokkola), Tanja Kirsil\u00e4 (Pietarsaari), Pia Kokko (Vaasa), Marko Per\u00e4l\u00e4 (Vaasa),\u00a0 Minna Roukkio-Taipele (Kokkola), Heidi \u00c5kerman (Sein\u00e4joki), Piia \u00c4ij\u00f6 (Kauhajoki). Varaj\u00e4senet Laura Ala-Kokko, Taavi Horila, [&hellip;]<\/p>\n","protected":false},"author":1,"featured_media":0,"parent":0,"menu_order":0,"comment_status":"closed","ping_status":"closed","template":"","meta":{"footnotes":""},"class_list":["post-1946","page","type-page","status-publish","hentry"],"yoast_head":"<!-- This site is optimized with the Yoast SEO plugin v27.4 - https:\/\/yoast.com\/product\/yoast-seo-wordpress\/ -->\n<title>yhteys - vaasanvaalipiirinvihreat.fi<\/title>\n<meta name=\"robots\" content=\"index, follow, max-snippet:-1, max-image-preview:large, max-video-preview:-1\" \/>\n<link rel=\"canonical\" href=\"https:\/\/vaasanvaalipiirinvihreat.fi\/index.php\/yhteys\/\" \/>\n<meta property=\"og:locale\" content=\"fi_FI\" \/>\n<meta property=\"og:type\" content=\"article\" \/>\n<meta property=\"og:title\" content=\"yhteys - vaasanvaalipiirinvihreat.fi\" \/>\n<meta property=\"og:description\" content=\"Yhteys Vaasan Vaalipiirin Vihre\u00e4t r.y Puheenjohtaja:Jenni Kuisti Toiminnanjohtaja:Juuli Ojansuujuuli.ojansuu (\u00e4t) vihreat.fi+35841 317 6694 HALLITUS Hallitus 2026Puheenjohtaja, Jenni Kuisti VarapuheenjohtajaElina Sahlgren, Vaasa Hallituksen j\u00e4senet 2026:Jami Haavisto (Sein\u00e4joki), Emma Lehtonen (Vaasa), S\u00e4de Hotakainen (Kokkola), Tanja Kirsil\u00e4 (Pietarsaari), Pia Kokko (Vaasa), Marko Per\u00e4l\u00e4 (Vaasa),\u00a0 Minna Roukkio-Taipele (Kokkola), Heidi \u00c5kerman (Sein\u00e4joki), Piia \u00c4ij\u00f6 (Kauhajoki). Varaj\u00e4senet Laura Ala-Kokko, Taavi Horila, [&hellip;]\" \/>\n<meta property=\"og:url\" content=\"https:\/\/vaasanvaalipiirinvihreat.fi\/index.php\/yhteys\/\" \/>\n<meta property=\"og:site_name\" content=\"vaasanvaalipiirinvihreat.fi\" \/>\n<meta property=\"article:publisher\" content=\"https:\/\/www.facebook.com\/VaasanVaalipiirinVihreat\" \/>\n<meta property=\"article:modified_time\" content=\"2025-12-15T10:14:42+00:00\" \/>\n<meta property=\"og:image\" content=\"https:\/\/vaasanvaalipiirinvihreat.fi\/wp-content\/uploads\/2025\/01\/Vihreat_Logo_HOR_RGB_FIN_SWE.png\" \/>\n\t<meta property=\"og:image:width\" content=\"1162\" \/>\n\t<meta property=\"og:image:height\" content=\"409\" \/>\n\t<meta property=\"og:image:type\" content=\"image\/png\" \/>\n<meta name=\"twitter:card\" content=\"summary_large_image\" \/>\n<meta name=\"twitter:label1\" content=\"Arvioitu lukuaika\" \/>\n\t<meta name=\"twitter:data1\" content=\"1 minuutti\" \/>\n<script type=\"application\/ld+json\" class=\"yoast-schema-graph\">{\"@context\":\"https:\\\/\\\/schema.org\",\"@graph\":[{\"@type\":\"WebPage\",\"@id\":\"https:\\\/\\\/vaasanvaalipiirinvihreat.fi\\\/index.php\\\/yhteys\\\/\",\"url\":\"https:\\\/\\\/vaasanvaalipiirinvihreat.fi\\\/index.php\\\/yhteys\\\/\",\"name\":\"yhteys - vaasanvaalipiirinvihreat.fi\",\"isPartOf\":{\"@id\":\"https:\\\/\\\/vaasanvaalipiirinvihreat.fi\\\/#website\"},\"datePublished\":\"2025-01-20T14:18:04+00:00\",\"dateModified\":\"2025-12-15T10:14:42+00:00\",\"breadcrumb\":{\"@id\":\"https:\\\/\\\/vaasanvaalipiirinvihreat.fi\\\/index.php\\\/yhteys\\\/#breadcrumb\"},\"inLanguage\":\"fi\",\"potentialAction\":[{\"@type\":\"ReadAction\",\"target\":[\"https:\\\/\\\/vaasanvaalipiirinvihreat.fi\\\/index.php\\\/yhteys\\\/\"]}]},{\"@type\":\"BreadcrumbList\",\"@id\":\"https:\\\/\\\/vaasanvaalipiirinvihreat.fi\\\/index.php\\\/yhteys\\\/#breadcrumb\",\"itemListElement\":[{\"@type\":\"ListItem\",\"position\":1,\"name\":\"Etusivu\",\"item\":\"https:\\\/\\\/vaasanvaalipiirinvihreat.fi\\\/\"},{\"@type\":\"ListItem\",\"position\":2,\"name\":\"yhteys\"}]},{\"@type\":\"WebSite\",\"@id\":\"https:\\\/\\\/vaasanvaalipiirinvihreat.fi\\\/#website\",\"url\":\"https:\\\/\\\/vaasanvaalipiirinvihreat.fi\\\/\",\"name\":\"vaasanvaalipiirinvihreat.fi\",\"description\":\"Vaasan vaalipiirin vihre\u00e4t - De Gr\u00f6na i Vasa valkrets\",\"publisher\":{\"@id\":\"https:\\\/\\\/vaasanvaalipiirinvihreat.fi\\\/#organization\"},\"potentialAction\":[{\"@type\":\"SearchAction\",\"target\":{\"@type\":\"EntryPoint\",\"urlTemplate\":\"https:\\\/\\\/vaasanvaalipiirinvihreat.fi\\\/?s={search_term_string}\"},\"query-input\":{\"@type\":\"PropertyValueSpecification\",\"valueRequired\":true,\"valueName\":\"search_term_string\"}}],\"inLanguage\":\"fi\"},{\"@type\":\"Organization\",\"@id\":\"https:\\\/\\\/vaasanvaalipiirinvihreat.fi\\\/#organization\",\"name\":\"vaasanvaalipiirinvihreat.fi\",\"alternateName\":\"Vaasan vaalipiirin vihre\u00e4t - De Gr\u00f6na i Vasa valkrets\",\"url\":\"https:\\\/\\\/vaasanvaalipiirinvihreat.fi\\\/\",\"logo\":{\"@type\":\"ImageObject\",\"inLanguage\":\"fi\",\"@id\":\"https:\\\/\\\/vaasanvaalipiirinvihreat.fi\\\/#\\\/schema\\\/logo\\\/image\\\/\",\"url\":\"https:\\\/\\\/vaasanvaalipiirinvihreat.fi\\\/wp-content\\\/uploads\\\/2025\\\/01\\\/Vihreat_Logo_HOR_RGB_FIN_SWE.png\",\"contentUrl\":\"https:\\\/\\\/vaasanvaalipiirinvihreat.fi\\\/wp-content\\\/uploads\\\/2025\\\/01\\\/Vihreat_Logo_HOR_RGB_FIN_SWE.png\",\"width\":1162,\"height\":409,\"caption\":\"vaasanvaalipiirinvihreat.fi\"},\"image\":{\"@id\":\"https:\\\/\\\/vaasanvaalipiirinvihreat.fi\\\/#\\\/schema\\\/logo\\\/image\\\/\"},\"sameAs\":[\"https:\\\/\\\/www.facebook.com\\\/VaasanVaalipiirinVihreat\"]}]}<\/script>\n<!-- \/ Yoast SEO plugin. -->","yoast_head_json":{"title":"yhteys - vaasanvaalipiirinvihreat.fi","robots":{"index":"index","follow":"follow","max-snippet":"max-snippet:-1","max-image-preview":"max-image-preview:large","max-video-preview":"max-video-preview:-1"},"canonical":"https:\/\/vaasanvaalipiirinvihreat.fi\/index.php\/yhteys\/","og_locale":"fi_FI","og_type":"article","og_title":"yhteys - vaasanvaalipiirinvihreat.fi","og_description":"Yhteys Vaasan Vaalipiirin Vihre\u00e4t r.y Puheenjohtaja:Jenni Kuisti Toiminnanjohtaja:Juuli Ojansuujuuli.ojansuu (\u00e4t) vihreat.fi+35841 317 6694 HALLITUS Hallitus 2026Puheenjohtaja, Jenni Kuisti VarapuheenjohtajaElina Sahlgren, Vaasa Hallituksen j\u00e4senet 2026:Jami Haavisto (Sein\u00e4joki), Emma Lehtonen (Vaasa), S\u00e4de Hotakainen (Kokkola), Tanja Kirsil\u00e4 (Pietarsaari), Pia Kokko (Vaasa), Marko Per\u00e4l\u00e4 (Vaasa),\u00a0 Minna Roukkio-Taipele (Kokkola), Heidi \u00c5kerman (Sein\u00e4joki), Piia \u00c4ij\u00f6 (Kauhajoki). Varaj\u00e4senet Laura Ala-Kokko, Taavi Horila, [&hellip;]","og_url":"https:\/\/vaasanvaalipiirinvihreat.fi\/index.php\/yhteys\/","og_site_name":"vaasanvaalipiirinvihreat.fi","article_publisher":"https:\/\/www.facebook.com\/VaasanVaalipiirinVihreat","article_modified_time":"2025-12-15T10:14:42+00:00","og_image":[{"width":1162,"height":409,"url":"https:\/\/vaasanvaalipiirinvihreat.fi\/wp-content\/uploads\/2025\/01\/Vihreat_Logo_HOR_RGB_FIN_SWE.png","type":"image\/png"}],"twitter_card":"summary_large_image","twitter_misc":{"Arvioitu lukuaika":"1 minuutti"},"schema":{"@context":"https:\/\/schema.org","@graph":[{"@type":"WebPage","@id":"https:\/\/vaasanvaalipiirinvihreat.fi\/index.php\/yhteys\/","url":"https:\/\/vaasanvaalipiirinvihreat.fi\/index.php\/yhteys\/","name":"yhteys - vaasanvaalipiirinvihreat.fi","isPartOf":{"@id":"https:\/\/vaasanvaalipiirinvihreat.fi\/#website"},"datePublished":"2025-01-20T14:18:04+00:00","dateModified":"2025-12-15T10:14:42+00:00","breadcrumb":{"@id":"https:\/\/vaasanvaalipiirinvihreat.fi\/index.php\/yhteys\/#breadcrumb"},"inLanguage":"fi","potentialAction":[{"@type":"ReadAction","target":["https:\/\/vaasanvaalipiirinvihreat.fi\/index.php\/yhteys\/"]}]},{"@type":"BreadcrumbList","@id":"https:\/\/vaasanvaalipiirinvihreat.fi\/index.php\/yhteys\/#breadcrumb","itemListElement":[{"@type":"ListItem","position":1,"name":"Etusivu","item":"https:\/\/vaasanvaalipiirinvihreat.fi\/"},{"@type":"ListItem","position":2,"name":"yhteys"}]},{"@type":"WebSite","@id":"https:\/\/vaasanvaalipiirinvihreat.fi\/#website","url":"https:\/\/vaasanvaalipiirinvihreat.fi\/","name":"vaasanvaalipiirinvihreat.fi","description":"Vaasan vaalipiirin vihre\u00e4t - De Gr\u00f6na i Vasa valkrets","publisher":{"@id":"https:\/\/vaasanvaalipiirinvihreat.fi\/#organization"},"potentialAction":[{"@type":"SearchAction","target":{"@type":"EntryPoint","urlTemplate":"https:\/\/vaasanvaalipiirinvihreat.fi\/?s={search_term_string}"},"query-input":{"@type":"PropertyValueSpecification","valueRequired":true,"valueName":"search_term_string"}}],"inLanguage":"fi"},{"@type":"Organization","@id":"https:\/\/vaasanvaalipiirinvihreat.fi\/#organization","name":"vaasanvaalipiirinvihreat.fi","alternateName":"Vaasan vaalipiirin vihre\u00e4t - De Gr\u00f6na i Vasa valkrets","url":"https:\/\/vaasanvaalipiirinvihreat.fi\/","logo":{"@type":"ImageObject","inLanguage":"fi","@id":"https:\/\/vaasanvaalipiirinvihreat.fi\/#\/schema\/logo\/image\/","url":"https:\/\/vaasanvaalipiirinvihreat.fi\/wp-content\/uploads\/2025\/01\/Vihreat_Logo_HOR_RGB_FIN_SWE.png","contentUrl":"https:\/\/vaasanvaalipiirinvihreat.fi\/wp-content\/uploads\/2025\/01\/Vihreat_Logo_HOR_RGB_FIN_SWE.png","width":1162,"height":409,"caption":"vaasanvaalipiirinvihreat.fi"},"image":{"@id":"https:\/\/vaasanvaalipiirinvihreat.fi\/#\/schema\/logo\/image\/"},"sameAs":["https:\/\/www.facebook.com\/VaasanVaalipiirinVihreat"]}]}},"_links":{"self":[{"href":"https:\/\/vaasanvaalipiirinvihreat.fi\/index.php\/wp-json\/wp\/v2\/pages\/1946","targetHints":{"allow":["GET"]}}],"collection":[{"href":"https:\/\/vaasanvaalipiirinvihreat.fi\/index.php\/wp-json\/wp\/v2\/pages"}],"about":[{"href":"https:\/\/vaasanvaalipiirinvihreat.fi\/index.php\/wp-json\/wp\/v2\/types\/page"}],"author":[{"embeddable":true,"href":"https:\/\/vaasanvaalipiirinvihreat.fi\/index.php\/wp-json\/wp\/v2\/users\/1"}],"replies":[{"embeddable":true,"href":"https:\/\/vaasanvaalipiirinvihreat.fi\/index.php\/wp-json\/wp\/v2\/comments?post=1946"}],"version-history":[{"count":8,"href":"https:\/\/vaasanvaalipiirinvihreat.fi\/index.php\/wp-json\/wp\/v2\/pages\/1946\/revisions"}],"predecessor-version":[{"id":2300,"href":"https:\/\/vaasanvaalipiirinvihreat.fi\/index.php\/wp-json\/wp\/v2\/pages\/1946\/revisions\/2300"}],"wp:attachment":[{"href":"https:\/\/vaasanvaalipiirinvihreat.fi\/index.php\/wp-json\/wp\/v2\/media?parent=1946"}],"curies":[{"name":"wp","href":"https:\/\/api.w.org\/{rel}","templated":true}]}}