{"id":1948,"date":"2025-01-20T16:18:23","date_gmt":"2025-01-20T14:18:23","guid":{"rendered":"https:\/\/vaasanvaalipiirinvihreat.fi\/?page_id=1948"},"modified":"2025-01-20T16:19:58","modified_gmt":"2025-01-20T14:19:58","slug":"saannot","status":"publish","type":"page","link":"https:\/\/vaasanvaalipiirinvihreat.fi\/index.php\/saannot\/","title":{"rendered":"s\u00e4\u00e4nn\u00f6t"},"content":{"rendered":"\t\t<div data-elementor-type=\"wp-post\" data-elementor-id=\"1948\" class=\"elementor elementor-1948\" data-elementor-post-type=\"page\">\n\t\t\t\t<div class=\"elementor-element elementor-element-924831e e-flex e-con-boxed e-con e-parent\" data-id=\"924831e\" data-element_type=\"container\" data-e-type=\"container\">\n\t\t\t\t\t<div class=\"e-con-inner\">\n\t\t<div class=\"elementor-element elementor-element-49369f7 e-con-full e-flex e-con e-child\" data-id=\"49369f7\" data-element_type=\"container\" data-e-type=\"container\">\n\t\t\t\t<div class=\"elementor-element elementor-element-95915fc elementor-widget elementor-widget-text-editor\" data-id=\"95915fc\" data-element_type=\"widget\" data-e-type=\"widget\" data-widget_type=\"text-editor.default\">\n\t\t\t\t<div class=\"elementor-widget-container\">\n\t\t\t\t\t\t\t\t\t<header class=\"entry-header\"><h1 class=\"entry-title\">S\u00e4\u00e4nn\u00f6t<\/h1><\/header><div class=\"entry-content\"><p>Vaasan vaalipiirin Vihre\u00e4t r.y. s\u00e4\u00e4nn\u00f6t<br \/>5.9.2013 alkaen<br \/><strong><br \/>\u00a71<\/strong><\/p><p>Yhdistyksen nimi on Vaasan Vaalipiirin Vihre\u00e4t, ruotsiksi De Gr\u00f6na i Vasa valdistrikt ja kotipaikka on Vaasa. Yhdistyksen toiminta-alueena on koko Vaasan vaalipiiri. Yhdistyksen kieli\u00e4 ovat suomi ja ruotsi, rekister\u00f6imis- ja p\u00f6yt\u00e4kirjakieli on kuitenkin suomi.<\/p><p><strong>\u00a72<\/strong><\/p><p>Yhdistyksen tarkoituksena on vaikuttaa valtiollisiin asioihin ja parantaa demokratian toimivuutta edist\u00e4m\u00e4ll\u00e4 ihmisten vaikutusmahdollisuuksia yhteiskunnan kaikilla tasoilla. Lis\u00e4ksi yhdistyksen tarkoituksena on edist\u00e4\u00e4 henkist\u00e4 kasvua ja sellaista yhteiskunnallista keskustelua, tutkimusta sek\u00e4 toimintaa, joka palvelee ihmisen ja muun luonnon rauhanomaista rinnakkaiseloa, yhteiskunnallista oikeudenmukaisuutta, kansainv\u00e4list\u00e4 solidaarisuutta ja ihmisten vapautusta.<\/p><p><strong>\u00a73<\/strong><\/p><p>Tarkoitustensa toteuttamiseksi yhdistys<\/p><p>\u2013 yhdistys toimii Vihre\u00e4 Liitto r.p.:n piirij\u00e4rjest\u00f6n\u00e4.<br \/>\u2013 harjoittaa tutkimus- ja julkaisutoimintaa<br \/>\u2013 ker\u00e4\u00e4 ja v\u00e4litt\u00e4\u00e4 tietoa<br \/>\u2013 tekee aloitteita ja kannanottoja<br \/>osallistuu yhteiskunnalliseen toimintaan asettamalla ehdokkaita valtiollisiin ja kunnallisiin vaaleihin.<\/p><p>Toimintansa tukemiseksi yhdistys voi ottaa vastaan lahjoituksia sek\u00e4 asianomaisella luvalla j\u00e4rjest\u00e4\u00e4 rahanker\u00e4yksi\u00e4 ja arpajaisia, harjoittaa kahvila- ja ravintolaliikett\u00e4 samoin kuin kustannustoimintaa.<\/p><p><strong>\u00a74<\/strong><\/p><p>Yhdistyksen j\u00e4seneksi p\u00e4\u00e4see jokainen yhdistyksen tarkoitusta kannattava rekister\u00f6ity yhdistys, jonka j\u00e4senyyden yhdistyksen kokous hyv\u00e4ksyy.<\/p><p><strong>\u00a75<\/strong><\/p><p>Yhdistyksen j\u00e4senilt\u00e4 ei perit\u00e4 j\u00e4senmaksua.<\/p><p><strong>\u00a76<\/strong><\/p><p>J\u00e4sen voi erota yhdistyksest\u00e4 tehty\u00e4\u00e4n siit\u00e4 lainmukaisen ilmoituksen. Yhdistyksen kokous voi erottaa j\u00e4senen, joka toimii vastoin yhdistyksen tarkoitusta taikka menettelyll\u00e4\u00e4n yhdistyksess\u00e4 tai sen ulkopuolella tuntuvasti vaikeuttaa yhdistyksen toimintaa. Erottamisp\u00e4\u00e4t\u00f6s on, tullakseen voimaan teht\u00e4v\u00e4 2\/3 enemmist\u00f6ll\u00e4 yhdistyksen kokouksessa.<\/p><p><strong>\u00a77<\/strong><\/p><p>Yhdistyksen asioita hoitaa hallitus, johon kuuluu vuodeksi kerrallaan valittu puheenjohtaja ja v\u00e4hint\u00e4\u00e4n viisi ja enint\u00e4\u00e4n yhdeks\u00e4n kahdeksi vuodeksi valittua muuta varsinaista j\u00e4sent\u00e4 sek\u00e4 v\u00e4hint\u00e4\u00e4n kolme ja enint\u00e4\u00e4n viisi varaj\u00e4sent\u00e4. J\u00e4senist\u00e4 ja varaj\u00e4senist\u00e4 on vuosittain erovuorossa puolet taikka t\u00e4t\u00e4 alempi kokonaisluku.<\/p><p><strong><br \/>\u00a78<\/strong><\/p><p>Hallitus valitsee keskuudestaan vuosittain varapuheenjohtajan sek\u00e4 ottaa sihteerin ja rahastonhoitajan ja muut tarvittavat toimihenkil\u00f6t. Hallitus voi asettaa ty\u00f6ryhmi\u00e4 ja muita toimielimi\u00e4 yhdistyksen toiminnan eri alueiden edist\u00e4mist\u00e4 varten.<\/p><p><strong>\u00a79<\/strong><\/p><p>Hallitus kokoontuu puheenjohtajan tai h\u00e4nen estyneen\u00e4 olleessaan varapuheenjohtajan kutsusta, kun he katsovat siihen olevan aihetta taikka kun v\u00e4hint\u00e4\u00e4n puolet hallituksen j\u00e4senist\u00e4 sit\u00e4 vaatii. Hallitus on p\u00e4\u00e4t\u00f6svaltainen kun v\u00e4hint\u00e4\u00e4n puolet sen j\u00e4senist\u00e4, puheenjohtaja tai varapuheenjohtaja mukaanluettuna, on l\u00e4sn\u00e4. Asiat ratkaistaan yksinkertaisella \u00e4\u00e4nten enemmist\u00f6ll\u00e4. \u00c4\u00e4nten menness\u00e4 tasan ratkaisee puheenjohtajan mielipide, vaaleissa kuitenkin arpa.<\/p><p><strong>\u00a710<\/strong><\/p><p>Yhdistyksen nimen kirjoittavat puheenjohtaja ja varapuheenjohtaja yhdess\u00e4 tai jompikumpi yhdess\u00e4 jonkun hallituksen muun j\u00e4senen tai hallituksen m\u00e4\u00e4r\u00e4\u00e4m\u00e4n toimihenkil\u00f6n kanssa.<\/p><p><strong>\u00a711<\/strong><\/p><p>Yhdistyksen tilikausi on kalenterivuosi.<br \/>Tilinp\u00e4\u00e4t\u00f6s tarvittavine asiakirjoineen ja hallituksen vuosikertomus on annettava tilintarkastajille viimeist\u00e4\u00e4n kuukautta ennen vuosikokousta. Tilintarkastajien tulee antaa kirjallinen lausuntonsa hallitukselle viimeist\u00e4\u00e4n kaksi viikkoa ennen vuosikokousta.<\/p><p><strong><br \/>12 \u00a7<\/strong><\/p><p>Piirij\u00e4rjest\u00f6 pit\u00e4\u00e4 vuosittain kaksi varsinaista kokousta. Piirij\u00e4rjest\u00f6n kev\u00e4tkokous pidet\u00e4\u00e4n maalis-toukokuussa ja syyskokous loka-joulukuussa piirihallituksen m\u00e4\u00e4r\u00e4\u00e4m\u00e4n\u00e4 p\u00e4iv\u00e4n\u00e4 ja sen m\u00e4\u00e4r\u00e4\u00e4m\u00e4ss\u00e4 paikassa Vaasan vaalipiirin alueella. Tieto kokouksista on annettava 14 \u00a7:n mukaisesti j\u00e4senille kahta viikkoa aikaisemmin.<\/p><p>Piirij\u00e4rjest\u00f6n kev\u00e4tkokouksen teht\u00e4v\u00e4n\u00e4 on:<\/p><p>1. k\u00e4sitell\u00e4 edellisen tilikauden tilinp\u00e4\u00e4t\u00f6s, tilintarkastajan tilintarkastuskertomus ja hallituksen toimintakertomus edelliselt\u00e4 kalenterivuodelta<br \/>2. p\u00e4\u00e4tt\u00e4\u00e4 tilinp\u00e4\u00e4t\u00f6ksen vahvistamisesta ja vastuuvapauden my\u00f6nt\u00e4misest\u00e4 hallitukselle ja muille tilivelvollisille<br \/>3. k\u00e4sitell\u00e4 muut kokouskutsussa mainitut asiat.<\/p><p>Piirij\u00e4rjest\u00f6n syyskokouksen teht\u00e4v\u00e4n\u00e4 on:<\/p><p>1. hyv\u00e4ksy\u00e4 toimintasuunnitelma ja talousarvio seuraavalle kalenterivuodelle<br \/>2. valita hallituksen puheenjohtaja ja hallituksen j\u00e4senet erovuoroisten tilalle<br \/>3. valita tilintarkastaja ja varatilintarkastaja<br \/>4. k\u00e4sitell\u00e4 muut kokouskutsussa mainitut asiat.<\/p><p>Mik\u00e4li j\u00e4senyhdistys haluaa saada jonkin asian piirij\u00e4rjest\u00f6n kev\u00e4t- tai syyskokouksen k\u00e4sitelt\u00e4v\u00e4ksi, sen on ilmoitettava siit\u00e4 kirjallisesti hallitukselle niin hyviss\u00e4 ajoin, ett\u00e4 asia voidaan sis\u00e4llytt\u00e4\u00e4 kokouskutsuun. Hallituksen j\u00e4senen vaali suoritetaan umpilipuin jos v\u00e4hint\u00e4\u00e4n kaksi j\u00e4sent\u00e4 sit\u00e4 vaatii.<\/p><p><strong>\u00a7 13<\/strong><\/p><p>Yhdistyksen kokous on pidett\u00e4v\u00e4 my\u00f6s, jos v\u00e4hint\u00e4\u00e4n kolmasosa (1\/3) j\u00e4senist\u00e4 sit\u00e4 ilmoittamansa asian k\u00e4sittelemist\u00e4 varten kirjallisesti sit\u00e4 vaatii. Hallitus voi muulloinkin kutsua yhdistyksen kokouksen koolle.<\/p><p><strong><br \/>\u00a7 14<\/strong><\/p><p>Piirij\u00e4rjest\u00f6n kokoukset kutsuu koolle piirihallitus. Kokouskutsu on l\u00e4hetett\u00e4v\u00e4 yhdistyksen varsinaisiin kokouksiin j\u00e4senyhdistyksille viimeist\u00e4\u00e4n kahta viikkoa ennen kokousta kirjeitse tai s\u00e4hk\u00f6postitse j\u00e4senen ilmoittamaan osoitteeseen.<br \/>Kokouskutsu muuhun yhdistyksen kokoukseen on hallituksen l\u00e4hetett\u00e4v\u00e4 j\u00e4senyhdistyksille viikkoa ennen kokousta kirjeitse tai s\u00e4hk\u00f6postitse j\u00e4senen ilmoittamaan osoitteeseen.<\/p><p><strong>\u00a7 15<\/strong><\/p><p>J\u00e4sen voi l\u00e4hett\u00e4\u00e4 yhdistyksen kokoukseen \u00e4\u00e4nivaltaisia edustajia henkil\u00f6j\u00e4sentens\u00e4 Vihre\u00e4lle Liitolle r.p suorittamien vuosimaksuosuuksien perusteella seuraavasti:<\/p><p>3-10 henkil\u00f6j\u00e4senen vuosimaksuosuutta yksi edustaja,<br \/>11-20 henkil\u00f6j\u00e4senen vuosimaksuosuutta kaksi edustajaa,<br \/>21-30 henkil\u00f6j\u00e4senen vuosimaksuosuutta kolme edustajaa,<br \/>31-50 henkil\u00f6j\u00e4senen vuosimaksuosuutta nelj\u00e4 edustajaa,<br \/>51-80 henkil\u00f6j\u00e4senen vuosimaksuosuutta viisi edustajaa,<br \/>81-110 henkil\u00f6j\u00e4senen vuosimaksuosuutta kuusi edustajaa,<br \/>111 henkil\u00f6j\u00e4senmaksuosuudesta yl\u00f6sp\u00e4in yhden edustajan lis\u00e4\u00e4 kutakin alkavaa 40 henkil\u00f6j\u00e4senen vuosimaksuosuutta kohti.<\/p><p>Kullakin edustajalla on yksi \u00e4\u00e4ni. Yhdistyksen kokous voi my\u00f6nt\u00e4\u00e4 l\u00e4sn\u00e4olo- ja puheoikeuden yhdistykseen kuulumattomille.<\/p><p><strong><br \/>\u00a7 16<\/strong><\/p><p>Yhdistyksen kokouksessa asiat ratkaistaan yksinkertaisella \u00e4\u00e4ntenenemmist\u00f6ll\u00e4, mik\u00e4li n\u00e4ist\u00e4 s\u00e4\u00e4nn\u00f6ist\u00e4 ei muuta johdu. \u00c4\u00e4nten menness\u00e4 kokouksessa \u00e4\u00e4nestett\u00e4ess\u00e4 tasan ratkaisee kokouksen puheenjohtajan mielipide. Vaalit toimitetaan suhteellisina siten kuin yhdistyslain 20 \u00a7:n 3 momentin 2 kohdassa on s\u00e4\u00e4detty. Erillisist\u00e4 \u00e4\u00e4nestystilaisuuksista sek\u00e4 postitse \u00e4\u00e4nest\u00e4misest\u00e4 on t\u00e4ydent\u00e4v\u00e4t m\u00e4\u00e4r\u00e4ykset yhdistyksen \u00e4\u00e4nestys- ja vaalij\u00e4rjestyksess\u00e4.<\/p><p><strong><br \/>\u00a7 17<\/strong><\/p><p>P\u00e4\u00e4t\u00f6s s\u00e4\u00e4nt\u00f6jen muuttamisesta ja yhdistyksen purkamisesta on teht\u00e4v\u00e4 yhdistyksen kokouksessa v\u00e4hint\u00e4\u00e4n kolmen nelj\u00e4sosan (3\/4) enemmist\u00f6ll\u00e4 annetuista \u00e4\u00e4nist\u00e4. Kokouskutsussa on mainittava s\u00e4\u00e4nt\u00f6jen muuttamisesta tai yhdistyksen purkamisesta.<\/p><p><strong>\u00a7 18<\/strong><\/p><p>Yhdistyksen purkautuessa k\u00e4ytet\u00e4\u00e4n yhdistyksen varat yhdistyksen tarkoituksen edist\u00e4miseen purkamisesta p\u00e4\u00e4tt\u00e4v\u00e4n kokouksen m\u00e4\u00e4r\u00e4\u00e4m\u00e4ll\u00e4 tavalla. Yhdistyksen tullessa lakkautetuksi k\u00e4ytet\u00e4\u00e4n varat samaan tarkoitukseen.<\/p><p><strong><br \/>\u00a7 19<\/strong><\/p><p>Yhdistys noudattaa toiminnassaan n\u00e4iden s\u00e4\u00e4nt\u00f6jen ohella yhdistyslain s\u00e4\u00e4nn\u00f6ksi\u00e4.<\/p><\/div>\t\t\t\t\t\t\t\t<\/div>\n\t\t\t\t<\/div>\n\t\t\t\t<\/div>\n\t\t<div class=\"elementor-element elementor-element-92cf8e9 e-con-full e-flex e-con e-child\" data-id=\"92cf8e9\" data-element_type=\"container\" data-e-type=\"container\">\n\t\t\t\t<div class=\"elementor-element elementor-element-5a04f6c elementor-widget elementor-widget-facebook-page\" data-id=\"5a04f6c\" data-element_type=\"widget\" data-e-type=\"widget\" data-widget_type=\"facebook-page.default\">\n\t\t\t\t<div class=\"elementor-widget-container\">\n\t\t\t\t\t<div class=\"elementor-facebook-widget fb-page\" data-href=\"https:\/\/www.facebook.com\/VaasanVaalipiirinVihreat\" data-tabs=\"timeline\" data-height=\"500px\" data-width=\"500px\" data-small-header=\"false\" data-hide-cover=\"false\" data-show-facepile=\"true\" data-hide-cta=\"false\" style=\"min-height: 1px;height:500px\"><\/div>\t\t\t\t<\/div>\n\t\t\t\t<\/div>\n\t\t\t\t<\/div>\n\t\t\t\t\t<\/div>\n\t\t\t\t<\/div>\n\t\t\t\t<\/div>\n\t\t","protected":false},"excerpt":{"rendered":"<p>S\u00e4\u00e4nn\u00f6t Vaasan vaalipiirin Vihre\u00e4t r.y. s\u00e4\u00e4nn\u00f6t5.9.2013 alkaen\u00a71 Yhdistyksen nimi on Vaasan Vaalipiirin Vihre\u00e4t, ruotsiksi De Gr\u00f6na i Vasa valdistrikt ja kotipaikka on Vaasa. Yhdistyksen toiminta-alueena on koko Vaasan vaalipiiri. Yhdistyksen kieli\u00e4 ovat suomi ja ruotsi, rekister\u00f6imis- ja p\u00f6yt\u00e4kirjakieli on kuitenkin suomi. \u00a72 Yhdistyksen tarkoituksena on vaikuttaa valtiollisiin asioihin ja parantaa demokratian toimivuutta edist\u00e4m\u00e4ll\u00e4 ihmisten vaikutusmahdollisuuksia [&hellip;]<\/p>\n","protected":false},"author":1,"featured_media":0,"parent":0,"menu_order":0,"comment_status":"closed","ping_status":"closed","template":"","meta":{"footnotes":""},"class_list":["post-1948","page","type-page","status-publish","hentry"],"yoast_head":"<!-- This site is optimized with the Yoast SEO plugin v27.4 - https:\/\/yoast.com\/product\/yoast-seo-wordpress\/ -->\n<title>s\u00e4\u00e4nn\u00f6t - vaasanvaalipiirinvihreat.fi<\/title>\n<meta name=\"robots\" content=\"index, follow, max-snippet:-1, max-image-preview:large, max-video-preview:-1\" \/>\n<link rel=\"canonical\" href=\"https:\/\/vaasanvaalipiirinvihreat.fi\/index.php\/saannot\/\" \/>\n<meta property=\"og:locale\" content=\"fi_FI\" \/>\n<meta property=\"og:type\" content=\"article\" \/>\n<meta property=\"og:title\" content=\"s\u00e4\u00e4nn\u00f6t - vaasanvaalipiirinvihreat.fi\" \/>\n<meta property=\"og:description\" content=\"S\u00e4\u00e4nn\u00f6t Vaasan vaalipiirin Vihre\u00e4t r.y. s\u00e4\u00e4nn\u00f6t5.9.2013 alkaen\u00a71 Yhdistyksen nimi on Vaasan Vaalipiirin Vihre\u00e4t, ruotsiksi De Gr\u00f6na i Vasa valdistrikt ja kotipaikka on Vaasa. Yhdistyksen toiminta-alueena on koko Vaasan vaalipiiri. Yhdistyksen kieli\u00e4 ovat suomi ja ruotsi, rekister\u00f6imis- ja p\u00f6yt\u00e4kirjakieli on kuitenkin suomi. \u00a72 Yhdistyksen tarkoituksena on vaikuttaa valtiollisiin asioihin ja parantaa demokratian toimivuutta edist\u00e4m\u00e4ll\u00e4 ihmisten vaikutusmahdollisuuksia [&hellip;]\" \/>\n<meta property=\"og:url\" content=\"https:\/\/vaasanvaalipiirinvihreat.fi\/index.php\/saannot\/\" \/>\n<meta property=\"og:site_name\" content=\"vaasanvaalipiirinvihreat.fi\" \/>\n<meta property=\"article:publisher\" content=\"https:\/\/www.facebook.com\/VaasanVaalipiirinVihreat\" \/>\n<meta property=\"article:modified_time\" content=\"2025-01-20T14:19:58+00:00\" \/>\n<meta property=\"og:image\" content=\"https:\/\/vaasanvaalipiirinvihreat.fi\/wp-content\/uploads\/2025\/01\/Vihreat_Logo_HOR_RGB_FIN_SWE.png\" \/>\n\t<meta property=\"og:image:width\" content=\"1162\" \/>\n\t<meta property=\"og:image:height\" content=\"409\" \/>\n\t<meta property=\"og:image:type\" content=\"image\/png\" \/>\n<meta name=\"twitter:card\" content=\"summary_large_image\" \/>\n<meta name=\"twitter:label1\" content=\"Arvioitu lukuaika\" \/>\n\t<meta name=\"twitter:data1\" content=\"5 minuuttia\" \/>\n<script type=\"application\/ld+json\" class=\"yoast-schema-graph\">{\"@context\":\"https:\\\/\\\/schema.org\",\"@graph\":[{\"@type\":\"WebPage\",\"@id\":\"https:\\\/\\\/vaasanvaalipiirinvihreat.fi\\\/index.php\\\/saannot\\\/\",\"url\":\"https:\\\/\\\/vaasanvaalipiirinvihreat.fi\\\/index.php\\\/saannot\\\/\",\"name\":\"s\u00e4\u00e4nn\u00f6t - vaasanvaalipiirinvihreat.fi\",\"isPartOf\":{\"@id\":\"https:\\\/\\\/vaasanvaalipiirinvihreat.fi\\\/#website\"},\"datePublished\":\"2025-01-20T14:18:23+00:00\",\"dateModified\":\"2025-01-20T14:19:58+00:00\",\"breadcrumb\":{\"@id\":\"https:\\\/\\\/vaasanvaalipiirinvihreat.fi\\\/index.php\\\/saannot\\\/#breadcrumb\"},\"inLanguage\":\"fi\",\"potentialAction\":[{\"@type\":\"ReadAction\",\"target\":[\"https:\\\/\\\/vaasanvaalipiirinvihreat.fi\\\/index.php\\\/saannot\\\/\"]}]},{\"@type\":\"BreadcrumbList\",\"@id\":\"https:\\\/\\\/vaasanvaalipiirinvihreat.fi\\\/index.php\\\/saannot\\\/#breadcrumb\",\"itemListElement\":[{\"@type\":\"ListItem\",\"position\":1,\"name\":\"Etusivu\",\"item\":\"https:\\\/\\\/vaasanvaalipiirinvihreat.fi\\\/\"},{\"@type\":\"ListItem\",\"position\":2,\"name\":\"s\u00e4\u00e4nn\u00f6t\"}]},{\"@type\":\"WebSite\",\"@id\":\"https:\\\/\\\/vaasanvaalipiirinvihreat.fi\\\/#website\",\"url\":\"https:\\\/\\\/vaasanvaalipiirinvihreat.fi\\\/\",\"name\":\"vaasanvaalipiirinvihreat.fi\",\"description\":\"Vaasan vaalipiirin vihre\u00e4t - De Gr\u00f6na i Vasa valkrets\",\"publisher\":{\"@id\":\"https:\\\/\\\/vaasanvaalipiirinvihreat.fi\\\/#organization\"},\"potentialAction\":[{\"@type\":\"SearchAction\",\"target\":{\"@type\":\"EntryPoint\",\"urlTemplate\":\"https:\\\/\\\/vaasanvaalipiirinvihreat.fi\\\/?s={search_term_string}\"},\"query-input\":{\"@type\":\"PropertyValueSpecification\",\"valueRequired\":true,\"valueName\":\"search_term_string\"}}],\"inLanguage\":\"fi\"},{\"@type\":\"Organization\",\"@id\":\"https:\\\/\\\/vaasanvaalipiirinvihreat.fi\\\/#organization\",\"name\":\"vaasanvaalipiirinvihreat.fi\",\"alternateName\":\"Vaasan vaalipiirin vihre\u00e4t - De Gr\u00f6na i Vasa valkrets\",\"url\":\"https:\\\/\\\/vaasanvaalipiirinvihreat.fi\\\/\",\"logo\":{\"@type\":\"ImageObject\",\"inLanguage\":\"fi\",\"@id\":\"https:\\\/\\\/vaasanvaalipiirinvihreat.fi\\\/#\\\/schema\\\/logo\\\/image\\\/\",\"url\":\"https:\\\/\\\/vaasanvaalipiirinvihreat.fi\\\/wp-content\\\/uploads\\\/2025\\\/01\\\/Vihreat_Logo_HOR_RGB_FIN_SWE.png\",\"contentUrl\":\"https:\\\/\\\/vaasanvaalipiirinvihreat.fi\\\/wp-content\\\/uploads\\\/2025\\\/01\\\/Vihreat_Logo_HOR_RGB_FIN_SWE.png\",\"width\":1162,\"height\":409,\"caption\":\"vaasanvaalipiirinvihreat.fi\"},\"image\":{\"@id\":\"https:\\\/\\\/vaasanvaalipiirinvihreat.fi\\\/#\\\/schema\\\/logo\\\/image\\\/\"},\"sameAs\":[\"https:\\\/\\\/www.facebook.com\\\/VaasanVaalipiirinVihreat\"]}]}<\/script>\n<!-- \/ Yoast SEO plugin. -->","yoast_head_json":{"title":"s\u00e4\u00e4nn\u00f6t - vaasanvaalipiirinvihreat.fi","robots":{"index":"index","follow":"follow","max-snippet":"max-snippet:-1","max-image-preview":"max-image-preview:large","max-video-preview":"max-video-preview:-1"},"canonical":"https:\/\/vaasanvaalipiirinvihreat.fi\/index.php\/saannot\/","og_locale":"fi_FI","og_type":"article","og_title":"s\u00e4\u00e4nn\u00f6t - vaasanvaalipiirinvihreat.fi","og_description":"S\u00e4\u00e4nn\u00f6t Vaasan vaalipiirin Vihre\u00e4t r.y. s\u00e4\u00e4nn\u00f6t5.9.2013 alkaen\u00a71 Yhdistyksen nimi on Vaasan Vaalipiirin Vihre\u00e4t, ruotsiksi De Gr\u00f6na i Vasa valdistrikt ja kotipaikka on Vaasa. Yhdistyksen toiminta-alueena on koko Vaasan vaalipiiri. Yhdistyksen kieli\u00e4 ovat suomi ja ruotsi, rekister\u00f6imis- ja p\u00f6yt\u00e4kirjakieli on kuitenkin suomi. \u00a72 Yhdistyksen tarkoituksena on vaikuttaa valtiollisiin asioihin ja parantaa demokratian toimivuutta edist\u00e4m\u00e4ll\u00e4 ihmisten vaikutusmahdollisuuksia [&hellip;]","og_url":"https:\/\/vaasanvaalipiirinvihreat.fi\/index.php\/saannot\/","og_site_name":"vaasanvaalipiirinvihreat.fi","article_publisher":"https:\/\/www.facebook.com\/VaasanVaalipiirinVihreat","article_modified_time":"2025-01-20T14:19:58+00:00","og_image":[{"width":1162,"height":409,"url":"https:\/\/vaasanvaalipiirinvihreat.fi\/wp-content\/uploads\/2025\/01\/Vihreat_Logo_HOR_RGB_FIN_SWE.png","type":"image\/png"}],"twitter_card":"summary_large_image","twitter_misc":{"Arvioitu lukuaika":"5 minuuttia"},"schema":{"@context":"https:\/\/schema.org","@graph":[{"@type":"WebPage","@id":"https:\/\/vaasanvaalipiirinvihreat.fi\/index.php\/saannot\/","url":"https:\/\/vaasanvaalipiirinvihreat.fi\/index.php\/saannot\/","name":"s\u00e4\u00e4nn\u00f6t - vaasanvaalipiirinvihreat.fi","isPartOf":{"@id":"https:\/\/vaasanvaalipiirinvihreat.fi\/#website"},"datePublished":"2025-01-20T14:18:23+00:00","dateModified":"2025-01-20T14:19:58+00:00","breadcrumb":{"@id":"https:\/\/vaasanvaalipiirinvihreat.fi\/index.php\/saannot\/#breadcrumb"},"inLanguage":"fi","potentialAction":[{"@type":"ReadAction","target":["https:\/\/vaasanvaalipiirinvihreat.fi\/index.php\/saannot\/"]}]},{"@type":"BreadcrumbList","@id":"https:\/\/vaasanvaalipiirinvihreat.fi\/index.php\/saannot\/#breadcrumb","itemListElement":[{"@type":"ListItem","position":1,"name":"Etusivu","item":"https:\/\/vaasanvaalipiirinvihreat.fi\/"},{"@type":"ListItem","position":2,"name":"s\u00e4\u00e4nn\u00f6t"}]},{"@type":"WebSite","@id":"https:\/\/vaasanvaalipiirinvihreat.fi\/#website","url":"https:\/\/vaasanvaalipiirinvihreat.fi\/","name":"vaasanvaalipiirinvihreat.fi","description":"Vaasan vaalipiirin vihre\u00e4t - De Gr\u00f6na i Vasa valkrets","publisher":{"@id":"https:\/\/vaasanvaalipiirinvihreat.fi\/#organization"},"potentialAction":[{"@type":"SearchAction","target":{"@type":"EntryPoint","urlTemplate":"https:\/\/vaasanvaalipiirinvihreat.fi\/?s={search_term_string}"},"query-input":{"@type":"PropertyValueSpecification","valueRequired":true,"valueName":"search_term_string"}}],"inLanguage":"fi"},{"@type":"Organization","@id":"https:\/\/vaasanvaalipiirinvihreat.fi\/#organization","name":"vaasanvaalipiirinvihreat.fi","alternateName":"Vaasan vaalipiirin vihre\u00e4t - De Gr\u00f6na i Vasa valkrets","url":"https:\/\/vaasanvaalipiirinvihreat.fi\/","logo":{"@type":"ImageObject","inLanguage":"fi","@id":"https:\/\/vaasanvaalipiirinvihreat.fi\/#\/schema\/logo\/image\/","url":"https:\/\/vaasanvaalipiirinvihreat.fi\/wp-content\/uploads\/2025\/01\/Vihreat_Logo_HOR_RGB_FIN_SWE.png","contentUrl":"https:\/\/vaasanvaalipiirinvihreat.fi\/wp-content\/uploads\/2025\/01\/Vihreat_Logo_HOR_RGB_FIN_SWE.png","width":1162,"height":409,"caption":"vaasanvaalipiirinvihreat.fi"},"image":{"@id":"https:\/\/vaasanvaalipiirinvihreat.fi\/#\/schema\/logo\/image\/"},"sameAs":["https:\/\/www.facebook.com\/VaasanVaalipiirinVihreat"]}]}},"_links":{"self":[{"href":"https:\/\/vaasanvaalipiirinvihreat.fi\/index.php\/wp-json\/wp\/v2\/pages\/1948","targetHints":{"allow":["GET"]}}],"collection":[{"href":"https:\/\/vaasanvaalipiirinvihreat.fi\/index.php\/wp-json\/wp\/v2\/pages"}],"about":[{"href":"https:\/\/vaasanvaalipiirinvihreat.fi\/index.php\/wp-json\/wp\/v2\/types\/page"}],"author":[{"embeddable":true,"href":"https:\/\/vaasanvaalipiirinvihreat.fi\/index.php\/wp-json\/wp\/v2\/users\/1"}],"replies":[{"embeddable":true,"href":"https:\/\/vaasanvaalipiirinvihreat.fi\/index.php\/wp-json\/wp\/v2\/comments?post=1948"}],"version-history":[{"count":4,"href":"https:\/\/vaasanvaalipiirinvihreat.fi\/index.php\/wp-json\/wp\/v2\/pages\/1948\/revisions"}],"predecessor-version":[{"id":1958,"href":"https:\/\/vaasanvaalipiirinvihreat.fi\/index.php\/wp-json\/wp\/v2\/pages\/1948\/revisions\/1958"}],"wp:attachment":[{"href":"https:\/\/vaasanvaalipiirinvihreat.fi\/index.php\/wp-json\/wp\/v2\/media?parent=1948"}],"curies":[{"name":"wp","href":"https:\/\/api.w.org\/{rel}","templated":true}]}}